{"id":10,"date":"2022-11-28T05:08:06","date_gmt":"2022-11-28T05:08:06","guid":{"rendered":"http:\/\/189.84.97.229\/ORSMWEB\/?page_id=10"},"modified":"2025-06-20T19:08:01","modified_gmt":"2025-06-20T19:08:01","slug":"portada","status":"publish","type":"page","link":"https:\/\/saludmental.comisca.org\/","title":{"rendered":"Portada"},"content":{"rendered":"\t\t<div data-elementor-type=\"wp-page\" data-elementor-id=\"10\" class=\"elementor elementor-10\">\n\t\t\t\t\t\t<section class=\"elementor-section elementor-top-section elementor-element elementor-element-11ac2d6 elementor-section-full_width elementor-section-height-default elementor-section-height-default\" data-id=\"11ac2d6\" data-element_type=\"section\">\n\t\t\t\t\t\t<div class=\"elementor-container elementor-column-gap-no\">\n\t\t\t\t\t<div class=\"elementor-column elementor-col-100 elementor-top-column elementor-element elementor-element-d917b84\" data-id=\"d917b84\" data-element_type=\"column\">\n\t\t\t<div class=\"elementor-widget-wrap elementor-element-populated\">\n\t\t\t\t\t\t<div class=\"elementor-element elementor-element-281b0fc elementor-widget elementor-widget-text-editor\" data-id=\"281b0fc\" data-element_type=\"widget\" data-widget_type=\"text-editor.default\">\n\t\t\t\t<div class=\"elementor-widget-container\">\n\t\t\t\t\t\t\t\t\t<h1>Observatorio Regional de Salud Mental<\/h1>\t\t\t\t\t\t\t\t<\/div>\n\t\t\t\t<\/div>\n\t\t\t\t\t<\/div>\n\t\t<\/div>\n\t\t\t\t\t<\/div>\n\t\t<\/section>\n\t\t\t\t<section class=\"elementor-section elementor-top-section elementor-element elementor-element-faead96 elementor-section-full_width elementor-section-height-default elementor-section-height-default\" data-id=\"faead96\" data-element_type=\"section\">\n\t\t\t\t\t\t<div class=\"elementor-container elementor-column-gap-default\">\n\t\t\t\t\t<div class=\"elementor-column elementor-col-33 elementor-top-column elementor-element elementor-element-c54d7aa\" data-id=\"c54d7aa\" data-element_type=\"column\">\n\t\t\t<div class=\"elementor-widget-wrap elementor-element-populated\">\n\t\t\t\t\t\t<div class=\"elementor-element elementor-element-ffe0a95 elementor-widget elementor-widget-image\" data-id=\"ffe0a95\" data-element_type=\"widget\" data-widget_type=\"image.default\">\n\t\t\t\t<div class=\"elementor-widget-container\">\n\t\t\t\t\t\t\t\t\t\t\t\t\t\t\t<img fetchpriority=\"high\" decoding=\"async\" width=\"400\" height=\"400\" src=\"https:\/\/saludmental.comisca.org\/wp-content\/uploads\/2022\/11\/comisca.jpg\" class=\"attachment-large size-large wp-image-69\" alt=\"\" srcset=\"https:\/\/saludmental.comisca.org\/wp-content\/uploads\/2022\/11\/comisca.jpg 400w, https:\/\/saludmental.comisca.org\/wp-content\/uploads\/2022\/11\/comisca-300x300.jpg 300w, https:\/\/saludmental.comisca.org\/wp-content\/uploads\/2022\/11\/comisca-150x150.jpg 150w, https:\/\/saludmental.comisca.org\/wp-content\/uploads\/2022\/11\/comisca-100x100.jpg 100w\" sizes=\"(max-width: 400px) 100vw, 400px\" \/>\t\t\t\t\t\t\t\t\t\t\t\t\t\t\t<\/div>\n\t\t\t\t<\/div>\n\t\t\t\t\t<\/div>\n\t\t<\/div>\n\t\t\t\t<div class=\"elementor-column elementor-col-66 elementor-top-column elementor-element elementor-element-63b87e8\" data-id=\"63b87e8\" data-element_type=\"column\">\n\t\t\t<div class=\"elementor-widget-wrap elementor-element-populated\">\n\t\t\t\t\t\t<div class=\"elementor-element elementor-element-b6ca4f6 elementor-widget elementor-widget-heading\" data-id=\"b6ca4f6\" data-element_type=\"widget\" data-widget_type=\"heading.default\">\n\t\t\t\t<div class=\"elementor-widget-container\">\n\t\t\t\t\t<h2 class=\"elementor-heading-title elementor-size-default\">COMISCA y su Secretar\u00eda Ejecutiva\u200b<\/h2>\t\t\t\t<\/div>\n\t\t\t\t<\/div>\n\t\t\t\t<div class=\"elementor-element elementor-element-f642257 elementor-widget elementor-widget-text-editor\" data-id=\"f642257\" data-element_type=\"widget\" data-widget_type=\"text-editor.default\">\n\t\t\t\t<div class=\"elementor-widget-container\">\n\t\t\t\t\t\t\t\t\t<p>El Consejo de Ministros de Salud de Centroam\u00e9rica y Rep\u00fablica Dominicana (COMISCA) constituye la instancia pol\u00edtica del Sistema de la Integraci\u00f3n Centroamericana (SICA), que tiene como prop\u00f3sito la identificaci\u00f3n y priorizaci\u00f3n de las problem\u00e1ticas regionales en salud. La reuni\u00f3n del COMISCA se constituye en el principal foro regional para el an\u00e1lisis, deliberaci\u00f3n y propuestas de las\/los Ministros de Salud. En dichas reuniones participa, adem\u00e1s del Secretario Ejecutivo de COMISCA, el representante de la OPS\/OMS en el pa\u00eds sede en calidad de observador, los asesores y especialistas que formen parte de las delegaciones de los Estados miembros, cooperantes invitados de acuerdo a los temas de agenda a desarrollarse, y los funcionarios\/as de la SE-COMISCA.<\/p><p>La sede de las Reuniones Ordinarias del COMISCA es rotatoria entre los Estados miembros, de acuerdo con el orden secuencial establecido seg\u00fan la rotaci\u00f3n de la Presidencia Pro Tempore. El COMISCA cuenta con una Secretar\u00eda Ejecutiva (SE-COMISCA), representada por un Secretario Ejecutivo, como instancia de coordinaci\u00f3n pol\u00edtico-estrat\u00e9gica y t\u00e9cnico-administrativa, que surge con la finalidad de fortalecer y garantizar el adecuado funcionamiento del Consejo.<\/p><p>La Secretar\u00eda Ejecutiva surge de la Reuni\u00f3n Extraordinaria de Ministros de Salud de Centroam\u00e9rica y Rep\u00fablica Dominicana, llevada a cabo en San Salvador, El Salvador, el 10 de septiembre de 2007.<\/p>\t\t\t\t\t\t\t\t<\/div>\n\t\t\t\t<\/div>\n\t\t\t\t\t<\/div>\n\t\t<\/div>\n\t\t\t\t\t<\/div>\n\t\t<\/section>\n\t\t\t\t<section class=\"elementor-section elementor-top-section elementor-element elementor-element-680b6c17 elementor-section-content-middle elementor-reverse-mobile elementor-section-full_width elementor-section-height-default elementor-section-height-default\" data-id=\"680b6c17\" data-element_type=\"section\">\n\t\t\t\t\t\t<div class=\"elementor-container elementor-column-gap-no\">\n\t\t\t\t\t<div class=\"elementor-column elementor-col-50 elementor-top-column elementor-element elementor-element-19e16792\" data-id=\"19e16792\" data-element_type=\"column\">\n\t\t\t<div class=\"elementor-widget-wrap elementor-element-populated\">\n\t\t\t\t\t\t<div class=\"elementor-element elementor-element-25d2bbee elementor-widget elementor-widget-heading\" data-id=\"25d2bbee\" data-element_type=\"widget\" data-widget_type=\"heading.default\">\n\t\t\t\t<div class=\"elementor-widget-container\">\n\t\t\t\t\t<h4 class=\"elementor-heading-title elementor-size-default\">ORSM<\/h4>\t\t\t\t<\/div>\n\t\t\t\t<\/div>\n\t\t\t\t<div class=\"elementor-element elementor-element-1461746 elementor-widget elementor-widget-heading\" data-id=\"1461746\" data-element_type=\"widget\" data-widget_type=\"heading.default\">\n\t\t\t\t<div class=\"elementor-widget-container\">\n\t\t\t\t\t<h2 class=\"elementor-heading-title elementor-size-default\">Observatorio Regional de Salud Mental<\/h2>\t\t\t\t<\/div>\n\t\t\t\t<\/div>\n\t\t\t\t<div class=\"elementor-element elementor-element-2eb5e320 elementor-widget elementor-widget-text-editor\" data-id=\"2eb5e320\" data-element_type=\"widget\" data-widget_type=\"text-editor.default\">\n\t\t\t\t<div class=\"elementor-widget-container\">\n\t\t\t\t\t\t\t\t\t<p>El Observatorio Regional de Salud Mental (ORSM) de Centroam\u00e9rica y Rep\u00fablica Dominicana es una herramienta de recolecci\u00f3n de datos que permitir\u00e1 caracterizar los perfiles de morbilidad en la poblaci\u00f3n general de la regi\u00f3n, y contribuir\u00e1 de manera efectiva a conocer el comportamiento de la problem\u00e1tica de salud mental en la regi\u00f3n y plantear propuestas de intervenci\u00f3n preventivas, de atenci\u00f3n y de promoci\u00f3n de la salud mental social.<\/p><p>El Observatorio est\u00e1 constituido por tres componentes: Carga de datos, Estad\u00edsticas y la Generaci\u00f3n de Propuestas.<\/p>\t\t\t\t\t\t\t\t<\/div>\n\t\t\t\t<\/div>\n\t\t\t\t\t<\/div>\n\t\t<\/div>\n\t\t\t\t<div class=\"elementor-column elementor-col-50 elementor-top-column elementor-element elementor-element-15cbbae6\" data-id=\"15cbbae6\" data-element_type=\"column\">\n\t\t\t<div class=\"elementor-widget-wrap elementor-element-populated\">\n\t\t\t\t\t\t<div class=\"elementor-element elementor-element-6d9c5260 elementor-widget elementor-widget-image\" data-id=\"6d9c5260\" data-element_type=\"widget\" data-widget_type=\"image.default\">\n\t\t\t\t<div class=\"elementor-widget-container\">\n\t\t\t\t\t\t\t\t\t\t\t\t\t\t\t<img decoding=\"async\" width=\"869\" height=\"579\" src=\"https:\/\/saludmental.comisca.org\/wp-content\/uploads\/2022\/11\/slide5.jpg\" class=\"attachment-full size-full wp-image-177\" alt=\"\" srcset=\"https:\/\/saludmental.comisca.org\/wp-content\/uploads\/2022\/11\/slide5.jpg 869w, https:\/\/saludmental.comisca.org\/wp-content\/uploads\/2022\/11\/slide5-300x200.jpg 300w, https:\/\/saludmental.comisca.org\/wp-content\/uploads\/2022\/11\/slide5-768x512.jpg 768w\" sizes=\"(max-width: 869px) 100vw, 869px\" \/>\t\t\t\t\t\t\t\t\t\t\t\t\t\t\t<\/div>\n\t\t\t\t<\/div>\n\t\t\t\t\t<\/div>\n\t\t<\/div>\n\t\t\t\t\t<\/div>\n\t\t<\/section>\n\t\t\t\t<section class=\"elementor-section elementor-top-section elementor-element elementor-element-fd3aaad elementor-section-boxed elementor-section-height-default elementor-section-height-default\" data-id=\"fd3aaad\" data-element_type=\"section\">\n\t\t\t\t\t\t<div class=\"elementor-container elementor-column-gap-default\">\n\t\t\t\t\t<div class=\"elementor-column elementor-col-100 elementor-top-column elementor-element elementor-element-a5133b3\" data-id=\"a5133b3\" data-element_type=\"column\">\n\t\t\t<div class=\"elementor-widget-wrap elementor-element-populated\">\n\t\t\t\t\t\t<div class=\"elementor-element elementor-element-b8edb34 elementor-widget elementor-widget-spacer\" data-id=\"b8edb34\" data-element_type=\"widget\" data-widget_type=\"spacer.default\">\n\t\t\t\t<div class=\"elementor-widget-container\">\n\t\t\t\t\t\t\t<div class=\"elementor-spacer\">\n\t\t\t<div class=\"elementor-spacer-inner\"><\/div>\n\t\t<\/div>\n\t\t\t\t\t\t<\/div>\n\t\t\t\t<\/div>\n\t\t\t\t\t<\/div>\n\t\t<\/div>\n\t\t\t\t\t<\/div>\n\t\t<\/section>\n\t\t\t\t<section class=\"elementor-section elementor-top-section elementor-element elementor-element-2537dc2 elementor-section-full_width elementor-section-height-default elementor-section-height-default\" data-id=\"2537dc2\" data-element_type=\"section\">\n\t\t\t\t\t\t<div class=\"elementor-container elementor-column-gap-default\">\n\t\t\t\t\t<div class=\"elementor-column elementor-col-33 elementor-top-column elementor-element elementor-element-244d030\" data-id=\"244d030\" data-element_type=\"column\" data-settings=\"{&quot;background_background&quot;:&quot;classic&quot;}\">\n\t\t\t<div class=\"elementor-widget-wrap elementor-element-populated\">\n\t\t\t\t\t\t<div class=\"elementor-element elementor-element-8d5fae8 elementor-widget elementor-widget-image\" data-id=\"8d5fae8\" data-element_type=\"widget\" data-widget_type=\"image.default\">\n\t\t\t\t<div class=\"elementor-widget-container\">\n\t\t\t\t\t\t\t\t\t\t\t\t\t\t\t<img decoding=\"async\" width=\"150\" height=\"150\" src=\"https:\/\/saludmental.comisca.org\/wp-content\/uploads\/2022\/11\/upload2-150x150.png\" class=\"attachment-thumbnail size-thumbnail wp-image-191\" alt=\"\" srcset=\"https:\/\/saludmental.comisca.org\/wp-content\/uploads\/2022\/11\/upload2-150x150.png 150w, https:\/\/saludmental.comisca.org\/wp-content\/uploads\/2022\/11\/upload2-300x300.png 300w, https:\/\/saludmental.comisca.org\/wp-content\/uploads\/2022\/11\/upload2-1024x1024.png 1024w, https:\/\/saludmental.comisca.org\/wp-content\/uploads\/2022\/11\/upload2-768x768.png 768w, https:\/\/saludmental.comisca.org\/wp-content\/uploads\/2022\/11\/upload2-400x400.png 400w, https:\/\/saludmental.comisca.org\/wp-content\/uploads\/2022\/11\/upload2.png 1280w\" sizes=\"(max-width: 150px) 100vw, 150px\" \/>\t\t\t\t\t\t\t\t\t\t\t\t\t\t\t<\/div>\n\t\t\t\t<\/div>\n\t\t\t\t<div class=\"elementor-element elementor-element-c39697a elementor-widget elementor-widget-heading\" data-id=\"c39697a\" data-element_type=\"widget\" data-widget_type=\"heading.default\">\n\t\t\t\t<div class=\"elementor-widget-container\">\n\t\t\t\t\t<h2 class=\"elementor-heading-title elementor-size-default\">Carga de datos<\/h2>\t\t\t\t<\/div>\n\t\t\t\t<\/div>\n\t\t\t\t<div class=\"elementor-element elementor-element-5913d8c elementor-align-center elementor-widget elementor-widget-button\" data-id=\"5913d8c\" data-element_type=\"widget\" data-widget_type=\"button.default\">\n\t\t\t\t<div class=\"elementor-widget-container\">\n\t\t\t\t\t\t\t\t\t<div class=\"elementor-button-wrapper\">\n\t\t\t\t\t<a class=\"elementor-button elementor-button-link elementor-size-sm\" href=\"https:\/\/orsm.comisca.org\" target=\"_blank\">\n\t\t\t\t\t\t<span class=\"elementor-button-content-wrapper\">\n\t\t\t\t\t\t\t\t\t<span class=\"elementor-button-text\">Cargar Datos Aqu\u00ed<\/span>\n\t\t\t\t\t<\/span>\n\t\t\t\t\t<\/a>\n\t\t\t\t<\/div>\n\t\t\t\t\t\t\t\t<\/div>\n\t\t\t\t<\/div>\n\t\t\t\t<div class=\"elementor-element elementor-element-098875f elementor-widget elementor-widget-text-editor\" data-id=\"098875f\" data-element_type=\"widget\" data-widget_type=\"text-editor.default\">\n\t\t\t\t<div class=\"elementor-widget-container\">\n\t\t\t\t\t\t\t\t\t<p>Este componente permite cargar los datos de salud mental de cada uno de los ocho pa\u00edses que conforman la regi\u00f3n de Centroam\u00e9rica y Rep\u00fablica Dominicana. Los datos son cargados a trav\u00e9s de un archivo en Excel que contiene una serie de variables, previamente homologadas entre los equipos t\u00e9cnicos de los pa\u00edses, que son cargadas en la Plataforma Regional de Integraci\u00f3n de Datos de SE-COMISCA.<\/p>\t\t\t\t\t\t\t\t<\/div>\n\t\t\t\t<\/div>\n\t\t\t\t\t<\/div>\n\t\t<\/div>\n\t\t\t\t<div class=\"elementor-column elementor-col-33 elementor-top-column elementor-element elementor-element-6958add\" data-id=\"6958add\" data-element_type=\"column\" data-settings=\"{&quot;background_background&quot;:&quot;classic&quot;}\">\n\t\t\t<div class=\"elementor-widget-wrap elementor-element-populated\">\n\t\t\t\t\t\t<div class=\"elementor-element elementor-element-038cd7a elementor-widget elementor-widget-image\" data-id=\"038cd7a\" data-element_type=\"widget\" data-widget_type=\"image.default\">\n\t\t\t\t<div class=\"elementor-widget-container\">\n\t\t\t\t\t\t\t\t\t\t\t\t\t\t\t<img loading=\"lazy\" decoding=\"async\" width=\"150\" height=\"150\" src=\"https:\/\/saludmental.comisca.org\/wp-content\/uploads\/2022\/11\/grf-150x150.png\" class=\"attachment-thumbnail size-thumbnail wp-image-194\" alt=\"\" srcset=\"https:\/\/saludmental.comisca.org\/wp-content\/uploads\/2022\/11\/grf-150x150.png 150w, https:\/\/saludmental.comisca.org\/wp-content\/uploads\/2022\/11\/grf-300x300.png 300w, https:\/\/saludmental.comisca.org\/wp-content\/uploads\/2022\/11\/grf-1024x1024.png 1024w, https:\/\/saludmental.comisca.org\/wp-content\/uploads\/2022\/11\/grf-768x768.png 768w, https:\/\/saludmental.comisca.org\/wp-content\/uploads\/2022\/11\/grf-400x400.png 400w, https:\/\/saludmental.comisca.org\/wp-content\/uploads\/2022\/11\/grf.png 1030w\" sizes=\"(max-width: 150px) 100vw, 150px\" \/>\t\t\t\t\t\t\t\t\t\t\t\t\t\t\t<\/div>\n\t\t\t\t<\/div>\n\t\t\t\t<div class=\"elementor-element elementor-element-b7371f5 elementor-widget elementor-widget-heading\" data-id=\"b7371f5\" data-element_type=\"widget\" data-widget_type=\"heading.default\">\n\t\t\t\t<div class=\"elementor-widget-container\">\n\t\t\t\t\t<h2 class=\"elementor-heading-title elementor-size-default\">Estad\u00edsticas<\/h2>\t\t\t\t<\/div>\n\t\t\t\t<\/div>\n\t\t\t\t<div class=\"elementor-element elementor-element-6ae174e elementor-align-center elementor-widget elementor-widget-button\" data-id=\"6ae174e\" data-element_type=\"widget\" data-widget_type=\"button.default\">\n\t\t\t\t<div class=\"elementor-widget-container\">\n\t\t\t\t\t\t\t\t\t<div class=\"elementor-button-wrapper\">\n\t\t\t\t\t<a class=\"elementor-button elementor-button-link elementor-size-sm\" href=\"https:\/\/saludmental.comisca.org\/?page_id=258\">\n\t\t\t\t\t\t<span class=\"elementor-button-content-wrapper\">\n\t\t\t\t\t\t\t\t\t<span class=\"elementor-button-text\">Ver Estad\u00edsticas<\/span>\n\t\t\t\t\t<\/span>\n\t\t\t\t\t<\/a>\n\t\t\t\t<\/div>\n\t\t\t\t\t\t\t\t<\/div>\n\t\t\t\t<\/div>\n\t\t\t\t<div class=\"elementor-element elementor-element-2627dc2 elementor-widget elementor-widget-text-editor\" data-id=\"2627dc2\" data-element_type=\"widget\" data-widget_type=\"text-editor.default\">\n\t\t\t\t<div class=\"elementor-widget-container\">\n\t\t\t\t\t\t\t\t\t<p>En este componente se presenta una serie de informes estad\u00edsticos sobre las distintas problem\u00e1ticas de salud mental en la regi\u00f3n, a trav\u00e9s de tablas, gr\u00e1ficos, mapas y tableros de mando amigables y din\u00e1micos.<\/p><div id=\"simple-translate\" class=\"simple-translate-system-theme\"><div><div class=\"simple-translate-button isShow\" style=\"background-image: url('moz-extension:\/\/9ffaeec8-abb0-4d21-b978-44a651a94a60\/icons\/512.png'); height: 22px; width: 22px; top: 219px; left: 188px;\">\u00a0<\/div><div class=\"simple-translate-panel \" style=\"width: 300px; height: 200px; top: 0px; left: 0px; font-size: 13px;\"><div class=\"simple-translate-result-wrapper\" style=\"overflow: hidden;\"><div class=\"simple-translate-move\" draggable=\"true\">\u00a0<\/div><div class=\"simple-translate-result-contents\"><p class=\"simple-translate-candidate\" dir=\"auto\">\u00a0<\/p><\/div><\/div><\/div><\/div><\/div>\t\t\t\t\t\t\t\t<\/div>\n\t\t\t\t<\/div>\n\t\t\t\t\t<\/div>\n\t\t<\/div>\n\t\t\t\t<div class=\"elementor-column elementor-col-33 elementor-top-column elementor-element elementor-element-7db2fde\" data-id=\"7db2fde\" data-element_type=\"column\" data-settings=\"{&quot;background_background&quot;:&quot;classic&quot;}\">\n\t\t\t<div class=\"elementor-widget-wrap elementor-element-populated\">\n\t\t\t\t\t\t<div class=\"elementor-element elementor-element-3b84b99 elementor-widget elementor-widget-image\" data-id=\"3b84b99\" data-element_type=\"widget\" data-widget_type=\"image.default\">\n\t\t\t\t<div class=\"elementor-widget-container\">\n\t\t\t\t\t\t\t\t\t\t\t\t\t\t\t<img loading=\"lazy\" decoding=\"async\" width=\"150\" height=\"150\" src=\"https:\/\/saludmental.comisca.org\/wp-content\/uploads\/2022\/11\/excel-xls-icon-150x150.png\" class=\"attachment-thumbnail size-thumbnail wp-image-198\" alt=\"\" srcset=\"https:\/\/saludmental.comisca.org\/wp-content\/uploads\/2022\/11\/excel-xls-icon-150x150.png 150w, https:\/\/saludmental.comisca.org\/wp-content\/uploads\/2022\/11\/excel-xls-icon.png 256w\" sizes=\"(max-width: 150px) 100vw, 150px\" \/>\t\t\t\t\t\t\t\t\t\t\t\t\t\t\t<\/div>\n\t\t\t\t<\/div>\n\t\t\t\t<div class=\"elementor-element elementor-element-1264be1 elementor-widget elementor-widget-heading\" data-id=\"1264be1\" data-element_type=\"widget\" data-widget_type=\"heading.default\">\n\t\t\t\t<div class=\"elementor-widget-container\">\n\t\t\t\t\t<h2 class=\"elementor-heading-title elementor-size-default\">Descarga de plantillas<\/h2>\t\t\t\t<\/div>\n\t\t\t\t<\/div>\n\t\t\t\t<div class=\"elementor-element elementor-element-54b3a8c elementor-align-center elementor-widget elementor-widget-button\" data-id=\"54b3a8c\" data-element_type=\"widget\" data-widget_type=\"button.default\">\n\t\t\t\t<div class=\"elementor-widget-container\">\n\t\t\t\t\t\t\t\t\t<div class=\"elementor-button-wrapper\">\n\t\t\t\t\t<a class=\"elementor-button elementor-button-link elementor-size-sm\" href=\"https:\/\/saludmental.comisca.org\/?page_id=143\">\n\t\t\t\t\t\t<span class=\"elementor-button-content-wrapper\">\n\t\t\t\t\t\t\t\t\t<span class=\"elementor-button-text\">Descargar Documentos<\/span>\n\t\t\t\t\t<\/span>\n\t\t\t\t\t<\/a>\n\t\t\t\t<\/div>\n\t\t\t\t\t\t\t\t<\/div>\n\t\t\t\t<\/div>\n\t\t\t\t<div class=\"elementor-element elementor-element-6bc4d4a elementor-widget elementor-widget-text-editor\" data-id=\"6bc4d4a\" data-element_type=\"widget\" data-widget_type=\"text-editor.default\">\n\t\t\t\t<div class=\"elementor-widget-container\">\n\t\t\t\t\t\t\t\t\t<p>En esta secci\u00f3n los paises miembros pueden descargar las plantillas de los ficheros requeridos para realizar la carga de datos a la plataforma del Observatorio Regional de Salud Mental.<\/p><div id=\"simple-translate\" class=\"simple-translate-system-theme\"><div><div class=\"simple-translate-button isShow\" style=\"background-image: url('moz-extension:\/\/9ffaeec8-abb0-4d21-b978-44a651a94a60\/icons\/512.png'); height: 22px; width: 22px; top: 31px; left: 14px;\">\u00a0<\/div><div class=\"simple-translate-panel \" style=\"width: 300px; height: 200px; top: 0px; left: 0px; font-size: 13px;\"><div class=\"simple-translate-result-wrapper\" style=\"overflow: hidden;\"><div class=\"simple-translate-move\" draggable=\"true\">\u00a0<\/div><div class=\"simple-translate-result-contents\"><p class=\"simple-translate-result\" dir=\"auto\">\u00a0<\/p><p class=\"simple-translate-candidate\" dir=\"auto\">\u00a0<\/p><\/div><\/div><\/div><\/div><\/div>\t\t\t\t\t\t\t\t<\/div>\n\t\t\t\t<\/div>\n\t\t\t\t\t<\/div>\n\t\t<\/div>\n\t\t\t\t\t<\/div>\n\t\t<\/section>\n\t\t\t\t<\/div>\n\t\t","protected":false},"excerpt":{"rendered":"<p>Observatorio Regional de Salud Mental COMISCA y su Secretar\u00eda Ejecutiva\u200b El Consejo de Ministros de Salud de Centroam\u00e9rica y Rep\u00fablica Dominicana (COMISCA) constituye la instancia [&#8230;]<\/p>\n","protected":false},"author":1,"featured_media":0,"parent":0,"menu_order":0,"comment_status":"closed","ping_status":"closed","template":"elementor_header_footer","meta":{"footnotes":""},"class_list":["post-10","page","type-page","status-publish","hentry"],"_links":{"self":[{"href":"https:\/\/saludmental.comisca.org\/index.php?rest_route=\/wp\/v2\/pages\/10","targetHints":{"allow":["GET"]}}],"collection":[{"href":"https:\/\/saludmental.comisca.org\/index.php?rest_route=\/wp\/v2\/pages"}],"about":[{"href":"https:\/\/saludmental.comisca.org\/index.php?rest_route=\/wp\/v2\/types\/page"}],"author":[{"embeddable":true,"href":"https:\/\/saludmental.comisca.org\/index.php?rest_route=\/wp\/v2\/users\/1"}],"replies":[{"embeddable":true,"href":"https:\/\/saludmental.comisca.org\/index.php?rest_route=%2Fwp%2Fv2%2Fcomments&post=10"}],"version-history":[{"count":173,"href":"https:\/\/saludmental.comisca.org\/index.php?rest_route=\/wp\/v2\/pages\/10\/revisions"}],"predecessor-version":[{"id":1595,"href":"https:\/\/saludmental.comisca.org\/index.php?rest_route=\/wp\/v2\/pages\/10\/revisions\/1595"}],"wp:attachment":[{"href":"https:\/\/saludmental.comisca.org\/index.php?rest_route=%2Fwp%2Fv2%2Fmedia&parent=10"}],"curies":[{"name":"wp","href":"https:\/\/api.w.org\/{rel}","templated":true}]}}